{"id":80,"date":"2024-09-09T15:50:19","date_gmt":"2024-09-09T18:50:19","guid":{"rendered":"https:\/\/oguen.com\/areadointegrador\/register\/"},"modified":"2024-10-17T16:34:45","modified_gmt":"2024-10-17T19:34:45","slug":"registrar","status":"publish","type":"page","link":"https:\/\/oguen.com\/areadointegrador\/registrar\/","title":{"rendered":"Registrar"},"content":{"rendered":"\t\t<div data-elementor-type=\"wp-page\" data-elementor-id=\"80\" class=\"elementor elementor-80\" data-elementor-post-type=\"page\">\n\t\t\t\t<div class=\"elementor-element elementor-element-d617b1f e-flex e-con-boxed e-con e-parent\" data-id=\"d617b1f\" data-element_type=\"container\" data-e-type=\"container\">\n\t\t\t\t\t<div class=\"e-con-inner\">\n\t\t<div class=\"elementor-element elementor-element-31e7b98 e-con-full e-flex e-con e-child\" data-id=\"31e7b98\" data-element_type=\"container\" data-e-type=\"container\">\n\t\t<div class=\"elementor-element elementor-element-05c4766 e-con-full e-flex e-con e-child\" data-id=\"05c4766\" data-element_type=\"container\" data-e-type=\"container\">\n\t\t\t\t<div class=\"elementor-element elementor-element-95cf0c0 elementor-widget elementor-widget-heading\" data-id=\"95cf0c0\" data-element_type=\"widget\" data-e-type=\"widget\" data-widget_type=\"heading.default\">\n\t\t\t\t<div class=\"elementor-widget-container\">\n\t\t\t\t\t<h1 class=\"elementor-heading-title elementor-size-default\">Cadastro de Integrador no Sistema \u00d4guen<\/h1>\t\t\t\t<\/div>\n\t\t\t\t<\/div>\n\t\t\t\t<div class=\"elementor-element elementor-element-fd7b4ad elementor-widget elementor-widget-heading\" data-id=\"fd7b4ad\" data-element_type=\"widget\" data-e-type=\"widget\" data-widget_type=\"heading.default\">\n\t\t\t\t<div class=\"elementor-widget-container\">\n\t\t\t\t\t<h2 class=\"elementor-heading-title elementor-size-default\">Ap\u00f3s enviar suas informa\u00e7\u00f5es, seu perfil ser\u00e1 analisado e um de nossos consultores entrar\u00e1 em contato para seguir com seu processo de aprova\u00e7\u00e3o.\n<\/h2>\t\t\t\t<\/div>\n\t\t\t\t<\/div>\n\t\t\t\t<div class=\"elementor-element elementor-element-7707f92 elementor-widget elementor-widget-shortcode\" data-id=\"7707f92\" data-element_type=\"widget\" data-e-type=\"widget\" data-widget_type=\"shortcode.default\">\n\t\t\t\t<div class=\"elementor-widget-container\">\n\t\t\t\t\t\t\t<div class=\"elementor-shortcode\">\n<div class=\"um um-register um-13\">\n\t<div class=\"um-form\" data-mode=\"register\">\n\t\t<form method=\"post\" action=\"\">\n\t\t\t<div class=\"um-row _um_row_1 \" style=\"margin: 0 0 30px 0;\"><div class=\"um-col-1\"><div  id=\"um_field_13_eu_sou\" class=\"um-field um-field-radio  um-field-eu_sou um-field-radio um-field-type_radio\" data-key=\"eu_sou\"  aria-invalid=\"false\" ><div class=\"um-field-label\"><label for=\"eu_sou-13\">Eu sou<span class=\"um-req\" title=\"Required\">*<\/span><\/label><div class=\"um-clear\"><\/div><\/div><div class=\"um-field-area\"><label class=\"um-field-radio  um-field-half \"><input  type=\"radio\" name=\"eu_sou[]\" value=\"Integrador\"  \/><span class=\"um-field-radio-state\"><i class=\"um-icon-android-radio-button-off\"><\/i><\/span><span class=\"um-field-radio-option\">Integrador<\/span><\/label><label class=\"um-field-radio  um-field-half  right \"><input  type=\"radio\" name=\"eu_sou[]\" value=\"Representante Comercial\"  \/><span class=\"um-field-radio-state\"><i class=\"um-icon-android-radio-button-off\"><\/i><\/span><span class=\"um-field-radio-option\">Representante Comercial<\/span><\/label><div class=\"um-clear\"><\/div><div class=\"um-clear\"><\/div><\/div><\/div><div  id=\"um_field_13_first_name\" class=\"um-field um-field-text  um-field-first_name um-field-text um-field-type_text\" data-key=\"first_name\"><div class=\"um-field-label\"><label for=\"first_name-13\">Primeiro Nome<span class=\"um-req\" title=\"Required\">*<\/span><\/label><div class=\"um-clear\"><\/div><\/div><div class=\"um-field-area\"><input  autocomplete=\"off\" class=\"um-form-field valid \" type=\"text\" name=\"first_name-13\" id=\"first_name-13\" value=\"\" placeholder=\"\" data-validate=\"\" data-key=\"first_name\"  aria-invalid=\"false\" \/>\n\n\t\t\t\t\t\t<\/div><\/div><div  id=\"um_field_13_lastname\" class=\"um-field um-field-text  um-field-lastname um-field-text um-field-type_text\" data-key=\"lastname\"><div class=\"um-field-label\"><label for=\"lastname-13\">\u00daltimo Nome<span class=\"um-req\" title=\"Required\">*<\/span><\/label><div class=\"um-clear\"><\/div><\/div><div class=\"um-field-area\"><input  autocomplete=\"off\" class=\"um-form-field valid \" type=\"text\" name=\"lastname-13\" id=\"lastname-13\" value=\"\" placeholder=\"\" data-validate=\"\" data-key=\"lastname\"  aria-invalid=\"false\" \/>\n\n\t\t\t\t\t\t<\/div><\/div><div  id=\"um_field_13_user_email\" class=\"um-field um-field-text  um-field-user_email um-field-text um-field-type_text\" data-key=\"user_email\"><div class=\"um-field-label\"><label for=\"user_email-13\">E-mail<span class=\"um-req\" title=\"Required\">*<\/span><\/label><div class=\"um-clear\"><\/div><\/div><div class=\"um-field-area\"><input  autocomplete=\"off\" class=\"um-form-field valid \" type=\"text\" name=\"user_email-13\" id=\"user_email-13\" value=\"\" placeholder=\"\" data-validate=\"is_email\" data-key=\"user_email\"  aria-invalid=\"false\" \/>\n\n\t\t\t\t\t\t<\/div><\/div><div  id=\"um_field_13_user_password\" class=\"um-field um-field-password  um-field-user_password um-field-password um-field-type_password\" data-key=\"user_password\"><div class=\"um-field-label\"><label for=\"user_password-13\">Senha<span class=\"um-req\" title=\"Required\">*<\/span><\/label><span class=\"um-tip um-tip-w\" title=\"A senha deve conter letras min\u00fasculas, mai\u00fasculas, n\u00fameros e s\u00edmbolos.\"><i class=\"um-icon-help-circled\"><\/i><\/span><div class=\"um-clear\"><\/div><\/div><div class=\"um-field-area\"><input class=\"um-form-field valid \" type=\"password\" name=\"user_password-13\" id=\"user_password-13\" value=\"\" placeholder=\"\" data-validate=\"\" data-key=\"user_password\"  aria-invalid=\"false\" \/>\n\n\t\t\t\t\t\t\t<\/div><\/div><div  id=\"um_field_13_confirm_user_password\" class=\"um-field um-field-password  um-field-user_password um-field-password um-field-type_password\" data-key=\"confirm_user_password\"><div class=\"um-field-label\"><label for=\"confirm_user_password-13\">Confirmar Senha<span class=\"um-req\" title=\"Required\">*<\/span><\/label><div class=\"um-clear\"><\/div><\/div><div class=\"um-field-area\"><input class=\"um-form-field valid \" type=\"password\" name=\"confirm_user_password-13\" id=\"confirm_user_password-13\" value=\"\" placeholder=\"Confirmar Senha\" data-validate=\"\" data-key=\"confirm_user_password\"  aria-invalid=\"false\" \/><\/div><\/div> \n\n    <div id='um-field-show-passwords-register' style='text-align:right;display:block;'> \n\n    \t<i class='um-faicon-eye-slash'><\/i> \n\n    \t<a href='#'>Mostrar senha<\/a> \n\n    <\/div> \n\n    <script type='text\/javascript'> \n\n    jQuery('div[id=\"um-field-show-passwords-register\"] a').click(function(){  \n\n  \n\n            var $parent = jQuery(this).parent(\"div\");  \n\n            var $form = jQuery(\".um-register .um-form\"); \n\n \n\n    $parent.find(\"i\").toggleClass(function() { \n\n    \tif ( jQuery( this ).hasClass( \"um-faicon-eye-slash\" ) ) { \n\n                $parent.find(\"a\").text('Ocultar senha'); \n\n    \t\tjQuery( this ).removeClass( \"um-faicon-eye-slash\" ) \n\n    \t\t$form.find(\".um-field-password\").find(\"input[type=password]\").attr(\"type\",\"text\"); \n\n    \t   return \"um-faicon-eye\"; \n\n    } \n\n  \n\njQuery( this ).removeClass( \"um-faicon-eye\" ); \n\n$parent.find(\"a\").text('Mostrar senha'); \n\n    $form.find(\".um-field-password\").find(\"input[type=text]\").attr(\"type\",\"password\"); \n\n   \n\n                return \"um-faicon-eye-slash\"; \n\n}); \n\n \n\n    return false;  \n\n \n\n}); \n\n<\/script> \n\n    <div  id=\"um_field_13_telefone\" class=\"um-field um-field-text  um-field-telefone um-field-text um-field-type_text\" data-key=\"telefone\"><div class=\"um-field-label\"><label for=\"telefone-13\">Telefone<span class=\"um-req\" title=\"Required\">*<\/span><\/label><div class=\"um-clear\"><\/div><\/div><div class=\"um-field-area\"><input  autocomplete=\"off\" class=\"um-form-field valid \" type=\"text\" name=\"telefone-13\" id=\"telefone-13\" value=\"\" placeholder=\"\" data-validate=\"\" data-key=\"telefone\"  aria-invalid=\"false\" \/>\n\n\t\t\t\t\t\t<\/div><\/div><div  id=\"um_field_13_empresa\" class=\"um-field um-field-text  um-field-empresa um-field-text um-field-type_text\" data-key=\"empresa\"><div class=\"um-field-label\"><label for=\"empresa-13\">Empresa<span class=\"um-req\" title=\"Required\">*<\/span><\/label><div class=\"um-clear\"><\/div><\/div><div class=\"um-field-area\"><input  autocomplete=\"off\" class=\"um-form-field valid \" type=\"text\" name=\"empresa-13\" id=\"empresa-13\" value=\"\" placeholder=\"\" data-validate=\"\" data-key=\"empresa\"  aria-invalid=\"false\" \/>\n\n\t\t\t\t\t\t<\/div><\/div><div  id=\"um_field_13_cnpj\" class=\"um-field um-field-text  um-field-cnpj um-field-text um-field-type_text\" data-key=\"cnpj\"><div class=\"um-field-label\"><label for=\"cnpj-13\">CNPJ<span class=\"um-req\" title=\"Required\">*<\/span><\/label><div class=\"um-clear\"><\/div><\/div><div class=\"um-field-area\"><input  autocomplete=\"off\" class=\"um-form-field valid \" type=\"text\" name=\"cnpj-13\" id=\"cnpj-13\" value=\"\" placeholder=\"\" data-validate=\"0\" data-key=\"cnpj\"  aria-invalid=\"false\" \/>\n\n\t\t\t\t\t\t<\/div><\/div><div  id=\"um_field_13_endereco\" class=\"um-field um-field-text  um-field-endereco um-field-text um-field-type_text\" data-key=\"endereco\"><div class=\"um-field-label\"><label for=\"endereco-13\">Endere\u00e7o<span class=\"um-req\" title=\"Required\">*<\/span><\/label><div class=\"um-clear\"><\/div><\/div><div class=\"um-field-area\"><input  autocomplete=\"off\" class=\"um-form-field valid \" type=\"text\" name=\"endereco-13\" id=\"endereco-13\" value=\"\" placeholder=\"\" data-validate=\"\" data-key=\"endereco\"  aria-invalid=\"false\" \/>\n\n\t\t\t\t\t\t<\/div><\/div><div  id=\"um_field_13_cidade\" class=\"um-field um-field-text  um-field-cidade um-field-text um-field-type_text\" data-key=\"cidade\"><div class=\"um-field-label\"><label for=\"cidade-13\">Cidade<span class=\"um-req\" title=\"Required\">*<\/span><\/label><div class=\"um-clear\"><\/div><\/div><div class=\"um-field-area\"><input  autocomplete=\"off\" class=\"um-form-field valid \" type=\"text\" name=\"cidade-13\" id=\"cidade-13\" value=\"\" placeholder=\"\" data-validate=\"\" data-key=\"cidade\"  aria-invalid=\"false\" \/>\n\n\t\t\t\t\t\t<\/div><\/div><div  id=\"um_field_13_segmento\" class=\"um-field um-field-text  um-field-segmento um-field-text um-field-type_text\" data-key=\"segmento\"><div class=\"um-field-label\"><label for=\"segmento-13\">Segmento<span class=\"um-req\" title=\"Required\">*<\/span><\/label><div class=\"um-clear\"><\/div><\/div><div class=\"um-field-area\"><input  autocomplete=\"off\" class=\"um-form-field valid \" type=\"text\" name=\"segmento-13\" id=\"segmento-13\" value=\"\" placeholder=\"\" data-validate=\"\" data-key=\"segmento\"  aria-invalid=\"false\" \/>\n\n\t\t\t\t\t\t<\/div><\/div><div  id=\"um_field_13_possui_site\" class=\"um-field um-field-radio  um-field-possui_site um-field-radio um-field-type_radio\" data-key=\"possui_site\"  aria-invalid=\"false\" ><div class=\"um-field-label\"><label for=\"possui_site-13\">Possui Website?<span class=\"um-req\" title=\"Required\">*<\/span><\/label><div class=\"um-clear\"><\/div><\/div><div class=\"um-field-area\"><label class=\"um-field-radio  um-field-half \"><input  type=\"radio\" name=\"possui_site[]\" value=\"Sim\"  \/><span class=\"um-field-radio-state\"><i class=\"um-icon-android-radio-button-off\"><\/i><\/span><span class=\"um-field-radio-option\">Sim<\/span><\/label><label class=\"um-field-radio  um-field-half  right \"><input  type=\"radio\" name=\"possui_site[]\" value=\"N\u00e3o\"  \/><span class=\"um-field-radio-state\"><i class=\"um-icon-android-radio-button-off\"><\/i><\/span><span class=\"um-field-radio-option\">N\u00e3o<\/span><\/label><div class=\"um-clear\"><\/div><div class=\"um-clear\"><\/div><\/div><\/div><div  id=\"um_field_13_user_url\" class=\"um-field um-field-url  um-is-conditional um-field-user_url um-field-url um-field-type_url\" data-key=\"user_url\" data-cond-0-action=\"show\" data-cond-0-field=\"possui_site\" data-cond-0-operator=\"equals to\" data-cond-0-value=\"Sim\"><div class=\"um-field-label\"><label for=\"user_url-13\">Website URL<span class=\"um-req\" title=\"Required\">*<\/span><\/label><div class=\"um-clear\"><\/div><\/div><div class=\"um-field-area\"><input    class=\"um-form-field valid \" type=\"text\" name=\"user_url-13\" id=\"user_url-13\" value=\"\" placeholder=\"\" data-validate=\"url\" data-key=\"user_url\"  aria-invalid=\"false\" \/>\n\n\t\t\t\t\t\t<\/div><\/div><div  id=\"um_field_13_certificacao\" class=\"um-field um-field-radio  um-field-certificacao um-field-radio um-field-type_radio\" data-key=\"certificacao\"  aria-invalid=\"false\" ><div class=\"um-field-label\"><label for=\"certificacao-13\">Possui Certifica\u00e7\u00e3o \u00d4guen<span class=\"um-req\" title=\"Required\">*<\/span><\/label><div class=\"um-clear\"><\/div><\/div><div class=\"um-field-area\"><label class=\"um-field-radio  um-field-half \"><input  type=\"radio\" name=\"certificacao[]\" value=\"Sim\"  \/><span class=\"um-field-radio-state\"><i class=\"um-icon-android-radio-button-off\"><\/i><\/span><span class=\"um-field-radio-option\">Sim<\/span><\/label><label class=\"um-field-radio  um-field-half  right \"><input  type=\"radio\" name=\"certificacao[]\" value=\"N\u00e3o\"  \/><span class=\"um-field-radio-state\"><i class=\"um-icon-android-radio-button-off\"><\/i><\/span><span class=\"um-field-radio-option\">N\u00e3o<\/span><\/label><div class=\"um-clear\"><\/div><div class=\"um-clear\"><\/div><\/div><\/div><\/div><\/div>\t<input type=\"hidden\" name=\"form_id\" id=\"form_id_13\" value=\"13\" \/>\n\t\t<p class=\"um_request_name\">\n\t\t<label for=\"um_request_13\">Only fill in if you are not human<\/label>\n\t\t<input type=\"hidden\" name=\"um_request\" id=\"um_request_13\" class=\"input\" value=\"\" size=\"25\" autocomplete=\"off\" \/>\n\t<\/p>\n\t<input type=\"hidden\" id=\"_wpnonce\" name=\"_wpnonce\" value=\"6752dbd562\" \/><input type=\"hidden\" name=\"_wp_http_referer\" value=\"\/areadointegrador\/wp-json\/wp\/v2\/pages\/80\" \/>\n<div class=\"um-field\">\n\t<div class=\"g-recaptcha\" id=\"um-13\" data-type=\"image\" data-size=\"normal\" data-theme=\"light\" data-sitekey=\"6LfDLGgqAAAAABWJcXoDZ6YKcGD86VlCkcm9e532\"><\/div>\n<\/div>\n\n\n<script type=\"text\/javascript\">\n\t\n\t\tvar onloadCallback = function () {\n\t\t\tjQuery('.g-recaptcha').each( function (i) {\n\t\t\t\tgrecaptcha.render( jQuery(this).attr('id'), {\n\t\t\t\t\t'sitekey': jQuery(this).attr('data-sitekey'),\n\t\t\t\t\t'theme': jQuery(this).attr('data-theme')\n\t\t\t\t});\n\t\t\t});\n\t\t};\n\n\t\tfunction um_recaptcha_refresh() {\n\t\t\tjQuery('.g-recaptcha').html('');\n\t\t\tgrecaptcha.reset();\n\t\t\tonloadCallback();\n\t\t}\n\n\t<\/script>\n\n\t<div class=\"um-col-alt\">\n\n\t\t\n\t\t\t<div class=\"um-center\">\n\t\t\t\t<input type=\"submit\" value=\"Registrar\" class=\"um-button\" id=\"um-submit-btn\" \/>\n\t\t\t<\/div>\n\n\t\t\n\t\t<div class=\"um-clear\"><\/div>\n\n\t<\/div>\n\n\t\t\t<\/form>\n\t<\/div>\n<\/div>\n<style>\n\t\t\t.um-13.um {\n\t\t\tmax-width: 600px;\n\t\t}\n\t\t<\/style>\n<\/div>\n\t\t\t\t\t\t<\/div>\n\t\t\t\t<\/div>\n\t\t\t\t<\/div>\n\t\t\t\t<\/div>\n\t\t\t\t\t<\/div>\n\t\t\t\t<\/div>\n\t\t\t\t<\/div>\n\t\t","protected":false},"excerpt":{"rendered":"<p>Cadastro de Integrador no Sistema \u00d4guen Ap\u00f3s enviar suas informa\u00e7\u00f5es, seu perfil ser\u00e1 analisado e um de nossos consultores entrar\u00e1 em contato para seguir com seu processo de aprova\u00e7\u00e3o. Voc\u00ea j\u00e1 est\u00e1 logado na \u00c1rea do Integrador Ir para o Painel<\/p>\n","protected":false},"author":1,"featured_media":0,"parent":0,"menu_order":0,"comment_status":"closed","ping_status":"closed","template":"elementor_header_footer","meta":{"content-type":"","footnotes":""},"class_list":["post-80","page","type-page","status-publish","hentry"],"_links":{"self":[{"href":"https:\/\/oguen.com\/areadointegrador\/wp-json\/wp\/v2\/pages\/80","targetHints":{"allow":["GET"]}}],"collection":[{"href":"https:\/\/oguen.com\/areadointegrador\/wp-json\/wp\/v2\/pages"}],"about":[{"href":"https:\/\/oguen.com\/areadointegrador\/wp-json\/wp\/v2\/types\/page"}],"author":[{"embeddable":true,"href":"https:\/\/oguen.com\/areadointegrador\/wp-json\/wp\/v2\/users\/1"}],"replies":[{"embeddable":true,"href":"https:\/\/oguen.com\/areadointegrador\/wp-json\/wp\/v2\/comments?post=80"}],"version-history":[{"count":28,"href":"https:\/\/oguen.com\/areadointegrador\/wp-json\/wp\/v2\/pages\/80\/revisions"}],"predecessor-version":[{"id":1395,"href":"https:\/\/oguen.com\/areadointegrador\/wp-json\/wp\/v2\/pages\/80\/revisions\/1395"}],"wp:attachment":[{"href":"https:\/\/oguen.com\/areadointegrador\/wp-json\/wp\/v2\/media?parent=80"}],"curies":[{"name":"wp","href":"https:\/\/api.w.org\/{rel}","templated":true}]}}