{"id":2,"date":"2024-09-09T14:45:46","date_gmt":"2024-09-09T17:45:46","guid":{"rendered":"https:\/\/oguen.com\/areadointegrador\/?page_id=2"},"modified":"2024-09-10T08:13:53","modified_gmt":"2024-09-10T11:13:53","slug":"home","status":"publish","type":"page","link":"https:\/\/oguen.com\/areadointegrador\/","title":{"rendered":"Home"},"content":{"rendered":"\t\t<div data-elementor-type=\"wp-page\" data-elementor-id=\"2\" class=\"elementor elementor-2\" data-elementor-post-type=\"page\">\n\t\t\t\t<div class=\"elementor-element elementor-element-37ea795 e-flex e-con-boxed e-con e-parent\" data-id=\"37ea795\" data-element_type=\"container\" data-e-type=\"container\">\n\t\t\t\t\t<div class=\"e-con-inner\">\n\t\t<div class=\"elementor-element elementor-element-29c463c e-con-full e-flex e-con e-child\" data-id=\"29c463c\" data-element_type=\"container\" data-e-type=\"container\">\n\t\t\t\t<div class=\"elementor-element elementor-element-90c13b4 elementor-widget elementor-widget-shortcode\" data-id=\"90c13b4\" data-element_type=\"widget\" data-e-type=\"widget\" data-widget_type=\"shortcode.default\">\n\t\t\t\t<div class=\"elementor-widget-container\">\n\t\t\t\t\t\t\t<div class=\"elementor-shortcode\">\n<div class=\"um um-login um-14\">\n\t<div class=\"um-form\">\n\t\t<form method=\"post\" action=\"\" autocomplete=\"off\">\n\t\t\t<div class=\"um-row _um_row_1 \" style=\"margin: 0 0 30px 0;\"><div class=\"um-col-1\"><div  id=\"um_field_14_username\" class=\"um-field um-field-text  um-field-username um-field-text um-field-type_text\" data-key=\"username\"><div class=\"um-field-label\"><label for=\"username-14\">E-mail<span class=\"um-req\" title=\"Required\">*<\/span><\/label><div class=\"um-clear\"><\/div><\/div><div class=\"um-field-area\"><input  autocomplete=\"off\" class=\"um-form-field valid \" type=\"text\" name=\"username-14\" id=\"username-14\" value=\"\" placeholder=\"\" data-validate=\"unique_username_or_email\" data-key=\"username\"  aria-invalid=\"false\" \/>\n\n\t\t\t\t\t\t<\/div><\/div><div  id=\"um_field_14_user_password\" class=\"um-field um-field-password  um-field-user_password um-field-password um-field-type_password\" data-key=\"user_password\"><div class=\"um-field-label\"><label for=\"user_password-14\">Senha<span class=\"um-req\" title=\"Required\">*<\/span><\/label><div class=\"um-clear\"><\/div><\/div><div class=\"um-field-area\"><input class=\"um-form-field valid \" type=\"password\" name=\"user_password-14\" id=\"user_password-14\" value=\"\" placeholder=\"\" data-validate=\"\" data-key=\"user_password\"  aria-invalid=\"false\" \/>\n\n\t\t\t\t\t\t\t<\/div><\/div> \n\n    <div id='um-field-show-passwords-login' style='text-align:right;display:block;'> \n\n    \t<i class='um-faicon-eye-slash'><\/i> \n\n    \t<a href='#'>Mostrar senha<\/a> \n\n    <\/div> \n\n    <script type='text\/javascript'> \n\n    jQuery('div[id=\"um-field-show-passwords-login\"] a').click(function(){  \n\n  \n\n            var $parent = jQuery(this).parent(\"div\");  \n\n            var $form = jQuery(\".um-login .um-form\"); \n\n \n\n    $parent.find(\"i\").toggleClass(function() { \n\n    \tif ( jQuery( this ).hasClass( \"um-faicon-eye-slash\" ) ) { \n\n                $parent.find(\"a\").text('Ocultar senha'); \n\n    \t\tjQuery( this ).removeClass( \"um-faicon-eye-slash\" ) \n\n    \t\t$form.find(\".um-field-password\").find(\"input[type=password]\").attr(\"type\",\"text\"); \n\n    \t   return \"um-faicon-eye\"; \n\n    } \n\n  \n\njQuery( this ).removeClass( \"um-faicon-eye\" ); \n\n$parent.find(\"a\").text('Mostrar senha'); \n\n    $form.find(\".um-field-password\").find(\"input[type=text]\").attr(\"type\",\"password\"); \n\n   \n\n                return \"um-faicon-eye-slash\"; \n\n}); \n\n \n\n    return false;  \n\n \n\n}); \n\n<\/script> \n\n    <\/div><\/div>\t<input type=\"hidden\" name=\"form_id\" id=\"form_id_14\" value=\"14\" \/>\n\t\t<p class=\"um_request_name\">\n\t\t<label for=\"um_request_14\">Only fill in if you are not human<\/label>\n\t\t<input type=\"hidden\" name=\"um_request\" id=\"um_request_14\" class=\"input\" value=\"\" size=\"25\" autocomplete=\"off\" \/>\n\t<\/p>\n\t<input type=\"hidden\" id=\"_wpnonce\" name=\"_wpnonce\" value=\"8ac9d4c49a\" \/><input type=\"hidden\" name=\"_wp_http_referer\" value=\"\/areadointegrador\/wp-json\/wp\/v2\/pages\/2\" \/>\n<div class=\"um-field\">\n\t<div class=\"g-recaptcha\" id=\"um-14\" data-type=\"image\" data-size=\"normal\" data-theme=\"light\" data-sitekey=\"6LfDLGgqAAAAABWJcXoDZ6YKcGD86VlCkcm9e532\"><\/div>\n<\/div>\n\n\n<script type=\"text\/javascript\">\n\t\n\t\tvar onloadCallback = function () {\n\t\t\tjQuery('.g-recaptcha').each( function (i) {\n\t\t\t\tgrecaptcha.render( jQuery(this).attr('id'), {\n\t\t\t\t\t'sitekey': jQuery(this).attr('data-sitekey'),\n\t\t\t\t\t'theme': jQuery(this).attr('data-theme')\n\t\t\t\t});\n\t\t\t});\n\t\t};\n\n\t\tfunction um_recaptcha_refresh() {\n\t\t\tjQuery('.g-recaptcha').html('');\n\t\t\tgrecaptcha.reset();\n\t\t\tonloadCallback();\n\t\t}\n\n\t<\/script>\n\n\t<div class=\"um-col-alt\">\n\n\t\t\n\n\t\t\t<div class=\"um-field um-field-c\">\n\t\t\t\t<div class=\"um-field-area\">\n\t\t\t\t\t<label class=\"um-field-checkbox\">\n\t\t\t\t\t\t<input type=\"checkbox\" name=\"rememberme\" value=\"1\"  \/>\n\t\t\t\t\t\t<span class=\"um-field-checkbox-state\"><i class=\"um-icon-android-checkbox-outline-blank\"><\/i><\/span>\n\t\t\t\t\t\t<span class=\"um-field-checkbox-option\"> Mantenha-me conectado<\/span>\n\t\t\t\t\t<\/label>\n\t\t\t\t<\/div>\n\t\t\t<\/div>\n\n\t\t\t\t\t\t<div class=\"um-clear\"><\/div>\n\t\t\n\t\t\t<div class=\"um-left um-half\">\n\t\t\t\t<input type=\"submit\" value=\"Entrar\" class=\"um-button\" id=\"um-submit-btn\" \/>\n\t\t\t<\/div>\n\t\t\t<div class=\"um-right um-half\">\n\t\t\t\t<a href=\"https:\/\/oguen.com\/areadointegrador\/registrar\/\" class=\"um-button um-alt\">\n\t\t\t\t\tRegistrar\t\t\t\t<\/a>\n\t\t\t<\/div>\n\n\t\t\n\t\t<div class=\"um-clear\"><\/div>\n\n\t<\/div>\n\n\t\n\t<div class=\"um-col-alt-b\">\n\t\t<a href=\"https:\/\/oguen.com\/areadointegrador\/redefinir-senha\/\" class=\"um-link-alt\">\n\t\t\tEsqueci minha senha\t\t<\/a>\n\t<\/div>\n\n\t\t\t<\/form>\n\t<\/div>\n<\/div>\n<style>\n\t\t\t.um-14.um {\n\t\t\tmax-width: 600px;\n\t\t}\n\t\t<\/style>\n<\/div>\n\t\t\t\t\t\t<\/div>\n\t\t\t\t<\/div>\n\t\t\t\t<\/div>\n\t\t\t\t\t<\/div>\n\t\t\t\t<\/div>\n\t\t\t\t<\/div>\n\t\t","protected":false},"excerpt":{"rendered":"<p>Voc\u00ea j\u00e1 est\u00e1 logado na \u00c1rea do Integrador Ir para o Painel<\/p>\n","protected":false},"author":1,"featured_media":0,"parent":0,"menu_order":0,"comment_status":"closed","ping_status":"closed","template":"elementor_header_footer","meta":{"content-type":"","footnotes":""},"class_list":["post-2","page","type-page","status-publish","hentry"],"_links":{"self":[{"href":"https:\/\/oguen.com\/areadointegrador\/wp-json\/wp\/v2\/pages\/2","targetHints":{"allow":["GET"]}}],"collection":[{"href":"https:\/\/oguen.com\/areadointegrador\/wp-json\/wp\/v2\/pages"}],"about":[{"href":"https:\/\/oguen.com\/areadointegrador\/wp-json\/wp\/v2\/types\/page"}],"author":[{"embeddable":true,"href":"https:\/\/oguen.com\/areadointegrador\/wp-json\/wp\/v2\/users\/1"}],"replies":[{"embeddable":true,"href":"https:\/\/oguen.com\/areadointegrador\/wp-json\/wp\/v2\/comments?post=2"}],"version-history":[{"count":33,"href":"https:\/\/oguen.com\/areadointegrador\/wp-json\/wp\/v2\/pages\/2\/revisions"}],"predecessor-version":[{"id":1427,"href":"https:\/\/oguen.com\/areadointegrador\/wp-json\/wp\/v2\/pages\/2\/revisions\/1427"}],"wp:attachment":[{"href":"https:\/\/oguen.com\/areadointegrador\/wp-json\/wp\/v2\/media?parent=2"}],"curies":[{"name":"wp","href":"https:\/\/api.w.org\/{rel}","templated":true}]}}